{"id":898,"date":"2022-04-14T07:38:29","date_gmt":"2022-04-14T07:38:29","guid":{"rendered":"https:\/\/canbruna.cat\/preguntes-frequents\/"},"modified":"2024-02-07T13:09:11","modified_gmt":"2024-02-07T13:09:11","slug":"preguntes-frequents","status":"publish","type":"page","link":"https:\/\/canbruna.cat\/es\/preguntes-frequents\/","title":{"rendered":"Preguntas frecuentes"},"content":{"rendered":"<p>[et_pb_section fb_built=\u00bb1&#8243; _builder_version=\u00bb4.17.0&#8243; _module_preset=\u00bbdefault\u00bb global_colors_info=\u00bb{}\u00bb][et_pb_row _builder_version=\u00bb4.17.0&#8243; _module_preset=\u00bbdefault\u00bb global_colors_info=\u00bb{}\u00bb][et_pb_column type=\u00bb4_4&#8243; _builder_version=\u00bb4.17.0&#8243; _module_preset=\u00bbdefault\u00bb global_colors_info=\u00bb{}\u00bb][et_pb_text _builder_version=\u00bb4.17.0&#8243; _module_preset=\u00bbdefault\u00bb text_font=\u00bb|||on|||||\u00bb text_text_color=\u00bb#FFFFFF\u00bb text_font_size=\u00bb28px\u00bb custom_margin=\u00bb||-1px|||\u00bb global_colors_info=\u00bb{}\u00bb]<\/p>\n<p>GENERAL<\/p>\n<p>[\/et_pb_text][et_pb_accordion _builder_version=\u00bb4.17.0&#8243; _module_preset=\u00bbdefault\u00bb toggle_font_size=\u00bb25px\u00bb body_font=\u00bb|300|||||||\u00bb body_text_color=\u00bb#000000&#8243; body_font_size=\u00bb18px\u00bb global_colors_info=\u00bb{}\u00bb][et_pb_accordion_item title=\u00bb\u00bfQu\u00e9 es uno escape room o juego de escapada?\u00bb open=\u00bbon\u00bb _builder_version=\u00bb4.17.0&#8243; _module_preset=\u00bbdefault\u00bb global_colors_info=\u00bb{}\u00bb]<\/p>\n<p><span>Es una actividad de ocio donde hay que resolver enigmas en grupo para ir avanzando hasta conseguir el objetivo marcado por la trama, que no siempre es escapar. Las tem\u00e1ticas son infinitas, y los espacios donde se desarrolla el juego est\u00e1n ambientados seg\u00fan cada una de ellas (el antiguo Egipto, la selva amaz\u00f3nica, una carpinter\u00eda, un manicomio, una obra literaria, una bodega&#8230;). Los equipos los crean los mismos jugadores y tienen que ajustarse al n\u00famero de participantes especificado para cada aventura.  <\/span><\/p>\n<p>[\/et_pb_accordion_item][\/et_pb_accordion][\/et_pb_column][\/et_pb_row][et_pb_row column_structure=\u00bb1_2,1_2&#8243; _builder_version=\u00bb4.17.0&#8243; _module_preset=\u00bbdefault\u00bb global_colors_info=\u00bb{}\u00bb][et_pb_column type=\u00bb1_2&#8243; _builder_version=\u00bb4.17.0&#8243; _module_preset=\u00bbdefault\u00bb global_colors_info=\u00bb{}\u00bb][et_pb_text _builder_version=\u00bb4.17.0&#8243; _module_preset=\u00bbdefault\u00bb text_font=\u00bb|||on|||||\u00bb text_text_color=\u00bb#FFFFFF\u00bb text_font_size=\u00bb28px\u00bb custom_margin=\u00bb||-1px|||\u00bb global_colors_info=\u00bb{}\u00bb]<\/p>\n<p>ODISEA CELULAR<\/p>\n<p>[\/et_pb_text][et_pb_accordion _builder_version=\u00bb4.17.0&#8243; _module_preset=\u00bbdefault\u00bb toggle_font_size=\u00bb25px\u00bb body_font=\u00bb|300|||||||\u00bb body_text_color=\u00bb#000000&#8243; body_font_size=\u00bb18px\u00bb global_colors_info=\u00bb{}\u00bb][et_pb_accordion_item title=\u00bb\u00bfCu\u00e1ntas personas podemos jugar?\u00bb _builder_version=\u00bb4.17.0&#8243; _module_preset=\u00bbdefault\u00bb global_colors_info=\u00bb{}\u00bb open=\u00bbon\u00bb]<\/p>\n<p><span>La sala y el engranaje de enigmas est\u00e1n pensados para ofrecer entretenimiento a un m\u00ednimo de 2 personas y un m\u00e1ximo de 6 personas por sesi\u00f3n.<\/span><\/p>\n<p>[\/et_pb_accordion_item][et_pb_accordion_item title=\u00bbSi hemos reservado por un n\u00famero x de jugadores y al final somos m\u00e1s o menos, \u00bfhay alg\u00fan problema?\u00bb _builder_version=\u00bb4.17.0&#8243; _module_preset=\u00bbdefault\u00bb global_colors_info=\u00bb{}\u00bb open=\u00bboff\u00bb]<\/p>\n<p><span>Mientras no se\u00e1is m\u00e1s de 6 participantes, que es el m\u00e1ximo posible, no hay ning\u00fan problema. Pagar\u00e9is el importe restante el mismo d\u00eda de la sesi\u00f3n seg\u00fan la cantidad de jugadores que veng\u00e1is. <\/span><\/p>\n<p>[\/et_pb_accordion_item][et_pb_accordion_item title=\u00bb\u00bfY si venimos m\u00e1s o menos jugadores que los indicados en el vale que nos regalaron?\u00bb _builder_version=\u00bb4.17.0&#8243; _module_preset=\u00bbdefault\u00bb global_colors_info=\u00bb{}\u00bb open=\u00bboff\u00bb]<\/p>\n<p style=\"font-weight: 400;\">Si ven\u00eds m\u00e1s jugadores que los indicados en vuestro vale regalo tendr\u00e9is que abonar la diferencia por jugador a\u00f1adido (m\u00e1ximo 6 participantes). Este pago se har\u00e1 en efectivo el d\u00eda mismo que veng\u00e1is a jugar, una vez haya finalizado la aventura.<\/p>\n<p style=\"font-weight: 400;\">Si sois menos, no se devolver\u00e1 la diferencia ni al comprador del vale ni al beneficiario.<\/p>\n<p>[\/et_pb_accordion_item][et_pb_accordion_item title=\u00bbUna vez dentro\u2026 \u00bfSe puede salir en cualquier momento?\u00bb _builder_version=\u00bb4.17.0&#8243; _module_preset=\u00bbdefault\u00bb global_colors_info=\u00bb{}\u00bb open=\u00bboff\u00bb]<\/p>\n<p style=\"font-weight: 400;\"><span>S\u00ed. Pulsando un bot\u00f3n que antes de iniciarse la aventura ya se indica d\u00f3nde se encuentra, la puerta de acceso al espacio de juego se abre inmediatamente, sin necesidad de ning\u00fan c\u00f3digo o llave. As\u00ed, en caso de indisposici\u00f3n o de cualquier incidencia, desde dentro los participantes siempre tendr\u00e9is la opci\u00f3n de salir.\u00a0<\/span><\/p>\n<p>[\/et_pb_accordion_item][et_pb_accordion_item title=\u00bb\u00bfCu\u00e1nto tiempo dura la experiencia?\u00bb _builder_version=\u00bb4.17.0&#8243; _module_preset=\u00bbdefault\u00bb global_colors_info=\u00bb{}\u00bb open=\u00bboff\u00bb]<\/p>\n<p style=\"font-weight: 400;\"><span>Entre 70 y 105 minutos, incluyendo el recibimiento y el tiempo de intercambio de sensaciones con la responsable del juego, que se acostumbra a dar una vez finalizada la aventura.<\/span><\/p>\n<p>[\/et_pb_accordion_item][et_pb_accordion_item title=\u00bb\u00bfY si no no salimos?\u00bb _builder_version=\u00bb4.17.0&#8243; _module_preset=\u00bbdefault\u00bb global_colors_info=\u00bb{}\u00bb open=\u00bboff\u00bb]<\/p>\n<p style=\"font-weight: 400;\"><span>Hay una persona responsable de hacer el seguimiento del juego, y esta persona os ayudar\u00e1 siempre que convenga para que ning\u00fan equipo se bloquee demasiado rato. \u00a1No pretendemos desesperaros ni frustraros! Se trata de poder ir avanzando y que todo el mundo disfrute de un inicio, de un nudo y de un desenlace, en la aventura que ofrecemos, ya sea con m\u00e1s o menos ayuda externa. No sufr\u00e1is, \u00a1que no os quedar\u00e9is atrapados para siempre a dentro! Ni os castigaremos por la demora, ni volver\u00e9is a empezar, ni tendr\u00e9is que reordenar los espacios: promesa de la yaya Nuria.    <\/span><\/p>\n<p>[\/et_pb_accordion_item][et_pb_accordion_item title=\u00bb\u00bfQu\u00e9 aptitudes hay que tener?\u00bb _builder_version=\u00bb4.17.0&#8243; _module_preset=\u00bbdefault\u00bb global_colors_info=\u00bb{}\u00bb open=\u00bboff\u00bb]<\/p>\n<p style=\"font-weight: 400;\">Es una propuesta apta para todos quienes teng\u00e1is alma de aventureros y ganas de pasarlo bien resolviendo enigmas curiosos. Os expondr\u00e9is a toda una avalancha de retos divertidos entre amigos, compa\u00f1eros de trabajo o en familia.<\/p>\n<p style=\"font-weight: 400;\">Aun as\u00ed, Odisea Celular es una propuesta que requiere un m\u00ednimo de flexibilidad f\u00edsica, puesto que en ciertos momentos habr\u00e1 que pasar por espacios estrechos y zonas donde solo se puede acceder agachado o yendo de rodillas. \u00a1No hace falta que se\u00e1is gimnastas, tampoco! Simplemente, tener en cuenta que si vais con una pierna escayolada, por ejemplo, no pod\u00e9is participar.<\/p>\n<p>[\/et_pb_accordion_item][et_pb_accordion_item title=\u00bb\u00bfEn qu\u00e9 idiomas est\u00e1 habilitado el juego?\u00bb _builder_version=\u00bb4.17.0&#8243; _module_preset=\u00bbdefault\u00bb global_colors_info=\u00bb{}\u00bb open=\u00bboff\u00bb]<\/p>\n<p style=\"font-weight: 400;\"><span>En catal\u00e1n, castellano e ingl\u00e9s.<\/span><\/p>\n<p>[\/et_pb_accordion_item][et_pb_accordion_item title=\u00bb\u00bfC\u00f3mo tengo que venir vestido?\u00bb _builder_version=\u00bb4.17.0&#8243; _module_preset=\u00bbdefault\u00bb global_colors_info=\u00bb{}\u00bb open=\u00bboff\u00bb]<\/p>\n<p style=\"font-weight: 400;\"><span>Hay que venir con ropa c\u00f3moda, que permita una m\u00ednima flexibilidad corporal. Y sobre todo, calzado plano. Os daremos protectores para los zapatos al llegar, pero evitad tacones y modelos poco pr\u00e1cticos.  <\/span><\/p>\n<p>[\/et_pb_accordion_item][et_pb_accordion_item title=\u00bb\u00bfDa miedo?\u00bb _builder_version=\u00bb4.17.0&#8243; _module_preset=\u00bbdefault\u00bb global_colors_info=\u00bb{}\u00bb open=\u00bboff\u00bb]<\/p>\n<p style=\"font-weight: 400;\"><span>No es un juego de terror ni hay ninguna voluntad de asustar durante toda la experiencia. S\u00ed que puede haber alg\u00fan espacio oscuro y s\u00ed que se dar\u00e1 un cambio de din\u00e1mica durante los 5 minutos finales porque el desenlace sea emocionante, pero en ning\u00fan momento habr\u00e1 sustos ni entrar\u00e1 nadie a atemorizaros. <\/span><\/p>\n<p>[\/et_pb_accordion_item][et_pb_accordion_item title=\u00bb\u00bfHay una edad recomendada, para participar?\u00bb _builder_version=\u00bb4.17.0&#8243; _module_preset=\u00bbdefault\u00bb global_colors_info=\u00bb{}\u00bb open=\u00bboff\u00bb]<\/p>\n<p style=\"font-weight: 400;\"><span>Por la experiencia que tenemos, sabemos que los jugadores entre 15 y 50 a\u00f1os conectan mejor con los retos y la din\u00e1mica de los escapes, pero esto no quiere decir que la experiencia no pueda ser satisfactoria para gente mayor o m\u00e1s joven.<\/span><\/p>\n<p>[\/et_pb_accordion_item][et_pb_accordion_item title=\u00bb\u00bfPueden participar menores?\u00bb _builder_version=\u00bb4.17.0&#8243; _module_preset=\u00bbdefault\u00bb global_colors_info=\u00bb{}\u00bb open=\u00bboff\u00bb]<\/p>\n<p style=\"font-weight: 400;\"><span>Para venir con ni\u00f1os y ni\u00f1as, mejor ser un m\u00ednimo de 4 participantes: dos adultos y dos ni\u00f1os de 9 a 14 a\u00f1os. Con equipos m\u00e1s numerosos, recomendamos que haya tantos adultos como ni\u00f1os o m\u00e1s adultos que ni\u00f1os. Por debajo de los 9 a\u00f1os, la experiencia se enrarece. A los peques les cuesta seguir el hilo de los acontecimientos y acaban aburridos, excluidos y frustrados. Para jugar sin adultos, solo ser\u00e1 posible a partir de los 15 a\u00f1os.    <\/span><\/p>\n<p>[\/et_pb_accordion_item][et_pb_accordion_item title=\u00bb\u00bfPueden participar embarazadas y beb\u00e9s?\u00bb _builder_version=\u00bb4.17.0&#8243; _module_preset=\u00bbdefault\u00bb global_colors_info=\u00bb{}\u00bb open=\u00bboff\u00bb]<\/p>\n<p><span>No es recomendable jugar en estado avanzado de embarazo ni en caso de embarazo de riesgo.\u00a0<\/span><span><strong><\/strong><\/span><\/p>\n<p><span><strong>BEB\u00c9S:\u00a0<\/strong>Si os veis avanzando a gatas con un beb\u00e9 en mochila, o bien pasando ambos por un agujero de 80 cm de di\u00e1metro, adelante. Con cochecito, imposible, pero se puede dejar aparcado en la entrada.<\/span><\/p>\n<p>[\/et_pb_accordion_item][et_pb_accordion_item title=\u00bb\u00bfPueden participar personas con movilidad reducida?\u00bb _builder_version=\u00bb4.17.0&#8243; _module_preset=\u00bbdefault\u00bb global_colors_info=\u00bb{}\u00bb open=\u00bboff\u00bb]<\/p>\n<p style=\"font-weight: 400;\"><span>No. Hay accesos complicados, dentro del espacio de juego, as\u00ed que no es apto para participar con silla de ruedas o con problemas de movilidad que impidan agacharse o ir de cuatro grapas. <\/span><\/p>\n<p>[\/et_pb_accordion_item][et_pb_accordion_item title=\u00bb\u00bfPueden participar mascotas?\u00bb open=\u00bboff\u00bb _builder_version=\u00bb4.17.0&#8243; _module_preset=\u00bbdefault\u00bb global_colors_info=\u00bb{}\u00bb]<\/p>\n<p style=\"font-weight: 400;\"><span>En principio, no. No nos parece prudente, sobre todo por el tipo de materiales con que hemos trabajado para ambientar los espacios, que podr\u00edan ser da\u00f1ados por ara\u00f1azos o excedente de pelo dif\u00edcil de eliminar. Solo aceptar\u00edamos mascotas peque\u00f1as que jugasen en mochila llevada por alguno de los participantes (consultar antes).<\/span><\/p>\n<p>[\/et_pb_accordion_item][\/et_pb_accordion][\/et_pb_column][et_pb_column type=\u00bb1_2&#8243; _builder_version=\u00bb4.17.0&#8243; _module_preset=\u00bbdefault\u00bb global_colors_info=\u00bb{}\u00bb][et_pb_accordion _builder_version=\u00bb4.17.0&#8243; _module_preset=\u00bbdefault\u00bb toggle_font_size=\u00bb25px\u00bb body_font=\u00bb|300|||||||\u00bb body_text_color=\u00bb#000000&#8243; body_font_size=\u00bb18px\u00bb global_colors_info=\u00bb{}\u00bb][et_pb_accordion_item title=\u00bb\u00bfHay c\u00e1maras?\u00bb open=\u00bboff\u00bb _builder_version=\u00bb4.17.0&#8243; _module_preset=\u00bbdefault\u00bb global_colors_info=\u00bb{}\u00bb]<\/p>\n<p style=\"font-weight: 400;\"><span>S\u00ed, dentro del espacio de juego hay c\u00e1maras y micr\u00f3fonos. Eso s\u00ed, s\u00f3lo de uso interno. La responsable del juego ser\u00e1 quien estar\u00e1 vigilando todo aquello que pase durante la aventura desde el \u00e1rea de control. Aunque las im\u00e1genes y el audio que recibe son en directo, no se graban, de forma que no queda constancia audiovisual de la actividad.   <\/span><\/p>\n<p>[\/et_pb_accordion_item][et_pb_accordion_item title=\u00bbY los jugadores, \u00bfnos podremos comunicar con la persona del \u00e1rea de control?\u00bb _builder_version=\u00bb4.17.0&#8243; _module_preset=\u00bbdefault\u00bb global_colors_info=\u00bb{}\u00bb open=\u00bboff\u00bb]<\/p>\n<p style=\"font-weight: 400;\"><span>S\u00ed. La responsable del juego os oir\u00e1 en todo momento, as\u00ed que atender\u00e1 vuestras necesidades siempre que sea preciso. <\/span><\/p>\n<p>[\/et_pb_accordion_item][et_pb_accordion_item title=\u00bb\u00bfSe podr\u00e1 seguir la experiencia desde la zona de control, si ya hemos jugado y queremos ver jugar a otros amigos?\u00bb _builder_version=\u00bb4.17.0&#8243; _module_preset=\u00bbdefault\u00bb global_colors_info=\u00bb{}\u00bb open=\u00bboff\u00bb]<\/p>\n<p style=\"font-weight: 400;\"><span>No. En esta ocasi\u00f3n no disponemos del espacio adecuado para ofrecer esta opci\u00f3n. <\/span><\/p>\n<p>[\/et_pb_accordion_item][et_pb_accordion_item title=\u00bb\u00bfEl local est\u00e1 climatizado?\u00bb _builder_version=\u00bb4.17.0&#8243; _module_preset=\u00bbdefault\u00bb global_colors_info=\u00bb{}\u00bb open=\u00bboff\u00bb]<\/p>\n<p style=\"font-weight: 400;\"><span>S\u00ed, hay calefacci\u00f3n y aire acondicionado.<\/span><\/p>\n<p>[\/et_pb_accordion_item][et_pb_accordion_item title=\u00bb\u00bfHay ba\u00f1o?\u00bb _builder_version=\u00bb4.17.0&#8243; _module_preset=\u00bbdefault\u00bb global_colors_info=\u00bb{}\u00bb open=\u00bboff\u00bb]<\/p>\n<p style=\"font-weight: 400;\"><span>S\u00ed, pero est\u00e1 dentro del espacio de juego, as\u00ed que hay que venir a participar con las necesidades b\u00e1sicas atendidas. Ah, y en el ba\u00f1o no hay ni c\u00e1maras ni micr\u00f3fonos, tranquilos! <\/span><\/p>\n<p>[\/et_pb_accordion_item][et_pb_accordion_item title=\u00bb\u00bfHay plaza privada de aparcamiento?\u00bb _builder_version=\u00bb4.17.0&#8243; _module_preset=\u00bbdefault\u00bb global_colors_info=\u00bb{}\u00bb open=\u00bboff\u00bb]<\/p>\n<p style=\"font-weight: 400;\"><span>No, pero justo en la calle de atr\u00e1s de Can Bruna, la calle del Cid, hay un parking privado donde siempre acostumbra a haber plazas libres: Cal Rondina. Y con un poco de suerte, encontrar\u00e9is un espacio libre y gratuito en las calles m\u00e1s pr\u00f3ximas. <\/span><\/p>\n<p>[\/et_pb_accordion_item][et_pb_accordion_item title=\u00bb\u00bfSe puede pagar en Can Bruna mismo?\u00bb _builder_version=\u00bb4.17.0&#8243; _module_preset=\u00bbdefault\u00bb global_colors_info=\u00bb{}\u00bb open=\u00bbon\u00bb]<\/p>\n<p style=\"font-weight: 400;\"><span>En Can Bruna solo se paga la diferencia si vienen jugadores de m\u00e1s, y el importe restante de la reserva en caso de haber escogido paga y se\u00f1al. Los cobros en el local siempre se hacen en efectivo.<\/span><\/p>\n<p>[\/et_pb_accordion_item][et_pb_accordion_item title=\u00bb\u00bfCu\u00e1les son los m\u00e9todos de pago?\u00bb _builder_version=\u00bb4.17.0&#8243; _module_preset=\u00bbdefault\u00bb global_colors_info=\u00bb{}\u00bb open=\u00bboff\u00bb]<\/p>\n<p style=\"font-weight: 400;\">El pago de los Vales Regalo se realiza online, mediante la pasarela de Redsys de Banc Sabadell. Para reservar Sesi\u00f3n de Juego ofrecemos 2 opciones: pago completo v\u00eda Redsys o bien paga y se\u00f1al online (con tarjeta cr\u00e9dito\/d\u00e9bito) + pago en efectivo del importe restante en Can Bruna.<\/p>\n<p>[\/et_pb_accordion_item][et_pb_accordion_item title=\u00bbQueremos cambiar la fecha de reserva. \u00bfC\u00f3mo lo hacemos? \u00bb _builder_version=\u00bb4.17.0&#8243; _module_preset=\u00bbdefault\u00bb global_colors_info=\u00bb{}\u00bb open=\u00bboff\u00bb]<\/p>\n<p style=\"font-weight: 400;\"><span>Poneos en contacto con nosotros v\u00eda correo electr\u00f3nico,<\/span> <a href=\"mailto:canbruna@canbruna.cat\" target=\"_blank\" class=\"mailto-link\" rel=\"noopener\">canbruna@canbruna.cat, <\/a><span>y comentadnos el caso. No tiene que haber ning\u00fan problema para cambiar la fecha siempre que la sesi\u00f3n alternativa que se quiera reservar est\u00e9 libre. Se permiten hasta 2 cambios gratuitamente. A partir del 2\u00ba, cada cambio solicitado implicar\u00e1 10 \u20ac extra.<\/span><\/p>\n<p>[\/et_pb_accordion_item][et_pb_accordion_item title=\u00bbQueremos anular la reserva. \u00bfNos devuelven el dinero? \u00bb _builder_version=\u00bb4.17.0&#8243; _module_preset=\u00bbdefault\u00bb global_colors_info=\u00bb{}\u00bb open=\u00bboff\u00bb]<\/p>\n<p style=\"font-weight: 400;\">Siempre que se avise v\u00eda correo electr\u00f3nico,<span> <\/span><a href=\"mailto:canbruna@canbruna.cat\">canbruna@canbruna.cat,<\/a> con m\u00e1s de 3 d\u00edas de anticipaci\u00f3n, s\u00ed, se devuelve el dinero. Pero tened en cuenta que la fecha de reserva se puede cambiar si es que ha surgido alg\u00fan imprevisto en la fecha escogida inicialmente.<\/p>\n<p style=\"font-weight: 400;\">Cancelar una sesi\u00f3n cuando faltan 3 d\u00edas o menos por la fecha de la actividad implica la imposibilidad de devolver el importe abonado.<\/p>\n<p>[\/et_pb_accordion_item][et_pb_accordion_item title=\u00bb\u00bfSe puede regalar la experiencia de Can Bruna?\u00bb _builder_version=\u00bb4.17.0&#8243; _module_preset=\u00bbdefault\u00bb global_colors_info=\u00bb{}\u00bb open=\u00bboff\u00bb]<\/p>\n<p style=\"font-weight: 400;\"><span>Por supuesto! Desde el apartado RESERVAS de nuestra web. <\/span><\/p>\n<p>[\/et_pb_accordion_item][\/et_pb_accordion][\/et_pb_column][\/et_pb_row][\/et_pb_section]<\/p>\n","protected":false},"excerpt":{"rendered":"<p>GENERAL \u00bfQu\u00e9 es uno escape room o juego de escapada?&#8230;<\/p>\n","protected":false},"author":5,"featured_media":0,"parent":0,"menu_order":0,"comment_status":"closed","ping_status":"closed","template":"","meta":{"_et_pb_use_builder":"on","_et_pb_old_content":"","_et_gb_content_width":"","footnotes":""},"class_list":["post-898","page","type-page","status-publish","hentry","entry"],"yoast_head":"<!-- This site is optimized with the Yoast SEO plugin v26.5 - https:\/\/yoast.com\/wordpress\/plugins\/seo\/ -->\n<title>Preguntas frecuentes - Can Bruna<\/title>\n<meta name=\"robots\" content=\"index, follow, max-snippet:-1, max-image-preview:large, max-video-preview:-1\" \/>\n<link rel=\"canonical\" href=\"https:\/\/canbruna.cat\/es\/preguntes-frequents\/\" \/>\n<meta property=\"og:locale\" content=\"es_ES\" \/>\n<meta property=\"og:type\" content=\"article\" \/>\n<meta property=\"og:title\" content=\"Preguntas frecuentes - Can Bruna\" \/>\n<meta property=\"og:description\" content=\"GENERAL \u00bfQu\u00e9 es uno escape room o juego de escapada?...\" \/>\n<meta property=\"og:url\" content=\"https:\/\/canbruna.cat\/es\/preguntes-frequents\/\" \/>\n<meta property=\"og:site_name\" content=\"Can Bruna\" \/>\n<meta property=\"article:modified_time\" content=\"2024-02-07T13:09:11+00:00\" \/>\n<meta name=\"twitter:card\" content=\"summary_large_image\" \/>\n<meta name=\"twitter:label1\" content=\"Tiempo de lectura\" \/>\n\t<meta name=\"twitter:data1\" content=\"11 minutos\" \/>\n<script type=\"application\/ld+json\" class=\"yoast-schema-graph\">{\"@context\":\"https:\/\/schema.org\",\"@graph\":[{\"@type\":\"WebPage\",\"@id\":\"https:\/\/canbruna.cat\/es\/preguntes-frequents\/\",\"url\":\"https:\/\/canbruna.cat\/es\/preguntes-frequents\/\",\"name\":\"Preguntas frecuentes - Can Bruna\",\"isPartOf\":{\"@id\":\"https:\/\/canbruna.cat\/#website\"},\"datePublished\":\"2022-04-14T07:38:29+00:00\",\"dateModified\":\"2024-02-07T13:09:11+00:00\",\"breadcrumb\":{\"@id\":\"https:\/\/canbruna.cat\/es\/preguntes-frequents\/#breadcrumb\"},\"inLanguage\":\"es\",\"potentialAction\":[{\"@type\":\"ReadAction\",\"target\":[\"https:\/\/canbruna.cat\/es\/preguntes-frequents\/\"]}]},{\"@type\":\"BreadcrumbList\",\"@id\":\"https:\/\/canbruna.cat\/es\/preguntes-frequents\/#breadcrumb\",\"itemListElement\":[{\"@type\":\"ListItem\",\"position\":1,\"name\":\"Inici\",\"item\":\"https:\/\/canbruna.cat\/es\/\"},{\"@type\":\"ListItem\",\"position\":2,\"name\":\"Preguntas frecuentes\"}]},{\"@type\":\"WebSite\",\"@id\":\"https:\/\/canbruna.cat\/#website\",\"url\":\"https:\/\/canbruna.cat\/\",\"name\":\"Can Bruna\",\"description\":\"La iaia ataca de nou...\",\"publisher\":{\"@id\":\"https:\/\/canbruna.cat\/#organization\"},\"potentialAction\":[{\"@type\":\"SearchAction\",\"target\":{\"@type\":\"EntryPoint\",\"urlTemplate\":\"https:\/\/canbruna.cat\/?s={search_term_string}\"},\"query-input\":{\"@type\":\"PropertyValueSpecification\",\"valueRequired\":true,\"valueName\":\"search_term_string\"}}],\"inLanguage\":\"es\"},{\"@type\":\"Organization\",\"@id\":\"https:\/\/canbruna.cat\/#organization\",\"name\":\"Can Bruna\",\"url\":\"https:\/\/canbruna.cat\/\",\"logo\":{\"@type\":\"ImageObject\",\"inLanguage\":\"es\",\"@id\":\"https:\/\/canbruna.cat\/#\/schema\/logo\/image\/\",\"url\":\"https:\/\/canbruna.cat\/wp-content\/uploads\/2021\/12\/logo-blanc.png\",\"contentUrl\":\"https:\/\/canbruna.cat\/wp-content\/uploads\/2021\/12\/logo-blanc.png\",\"width\":2560,\"height\":1600,\"caption\":\"Can Bruna\"},\"image\":{\"@id\":\"https:\/\/canbruna.cat\/#\/schema\/logo\/image\/\"}}]}<\/script>\n<!-- \/ Yoast SEO plugin. -->","yoast_head_json":{"title":"Preguntas frecuentes - Can Bruna","robots":{"index":"index","follow":"follow","max-snippet":"max-snippet:-1","max-image-preview":"max-image-preview:large","max-video-preview":"max-video-preview:-1"},"canonical":"https:\/\/canbruna.cat\/es\/preguntes-frequents\/","og_locale":"es_ES","og_type":"article","og_title":"Preguntas frecuentes - Can Bruna","og_description":"GENERAL \u00bfQu\u00e9 es uno escape room o juego de escapada?...","og_url":"https:\/\/canbruna.cat\/es\/preguntes-frequents\/","og_site_name":"Can Bruna","article_modified_time":"2024-02-07T13:09:11+00:00","twitter_card":"summary_large_image","twitter_misc":{"Tiempo de lectura":"11 minutos"},"schema":{"@context":"https:\/\/schema.org","@graph":[{"@type":"WebPage","@id":"https:\/\/canbruna.cat\/es\/preguntes-frequents\/","url":"https:\/\/canbruna.cat\/es\/preguntes-frequents\/","name":"Preguntas frecuentes - Can Bruna","isPartOf":{"@id":"https:\/\/canbruna.cat\/#website"},"datePublished":"2022-04-14T07:38:29+00:00","dateModified":"2024-02-07T13:09:11+00:00","breadcrumb":{"@id":"https:\/\/canbruna.cat\/es\/preguntes-frequents\/#breadcrumb"},"inLanguage":"es","potentialAction":[{"@type":"ReadAction","target":["https:\/\/canbruna.cat\/es\/preguntes-frequents\/"]}]},{"@type":"BreadcrumbList","@id":"https:\/\/canbruna.cat\/es\/preguntes-frequents\/#breadcrumb","itemListElement":[{"@type":"ListItem","position":1,"name":"Inici","item":"https:\/\/canbruna.cat\/es\/"},{"@type":"ListItem","position":2,"name":"Preguntas frecuentes"}]},{"@type":"WebSite","@id":"https:\/\/canbruna.cat\/#website","url":"https:\/\/canbruna.cat\/","name":"Can Bruna","description":"La iaia ataca de nou...","publisher":{"@id":"https:\/\/canbruna.cat\/#organization"},"potentialAction":[{"@type":"SearchAction","target":{"@type":"EntryPoint","urlTemplate":"https:\/\/canbruna.cat\/?s={search_term_string}"},"query-input":{"@type":"PropertyValueSpecification","valueRequired":true,"valueName":"search_term_string"}}],"inLanguage":"es"},{"@type":"Organization","@id":"https:\/\/canbruna.cat\/#organization","name":"Can Bruna","url":"https:\/\/canbruna.cat\/","logo":{"@type":"ImageObject","inLanguage":"es","@id":"https:\/\/canbruna.cat\/#\/schema\/logo\/image\/","url":"https:\/\/canbruna.cat\/wp-content\/uploads\/2021\/12\/logo-blanc.png","contentUrl":"https:\/\/canbruna.cat\/wp-content\/uploads\/2021\/12\/logo-blanc.png","width":2560,"height":1600,"caption":"Can Bruna"},"image":{"@id":"https:\/\/canbruna.cat\/#\/schema\/logo\/image\/"}}]}},"_links":{"self":[{"href":"https:\/\/canbruna.cat\/es\/wp-json\/wp\/v2\/pages\/898","targetHints":{"allow":["GET"]}}],"collection":[{"href":"https:\/\/canbruna.cat\/es\/wp-json\/wp\/v2\/pages"}],"about":[{"href":"https:\/\/canbruna.cat\/es\/wp-json\/wp\/v2\/types\/page"}],"author":[{"embeddable":true,"href":"https:\/\/canbruna.cat\/es\/wp-json\/wp\/v2\/users\/5"}],"replies":[{"embeddable":true,"href":"https:\/\/canbruna.cat\/es\/wp-json\/wp\/v2\/comments?post=898"}],"version-history":[{"count":1,"href":"https:\/\/canbruna.cat\/es\/wp-json\/wp\/v2\/pages\/898\/revisions"}],"predecessor-version":[{"id":2377,"href":"https:\/\/canbruna.cat\/es\/wp-json\/wp\/v2\/pages\/898\/revisions\/2377"}],"wp:attachment":[{"href":"https:\/\/canbruna.cat\/es\/wp-json\/wp\/v2\/media?parent=898"}],"curies":[{"name":"wp","href":"https:\/\/api.w.org\/{rel}","templated":true}]}}