{"id":788,"date":"2021-12-15T07:31:18","date_gmt":"2021-12-15T07:31:18","guid":{"rendered":"https:\/\/canbruna.cat\/joc\/"},"modified":"2023-11-22T15:06:23","modified_gmt":"2023-11-22T15:06:23","slug":"joc","status":"publish","type":"page","link":"https:\/\/canbruna.cat\/es\/joc\/","title":{"rendered":"Juego"},"content":{"rendered":"<p>[et_pb_section fb_built=\u00bb1&#8243; admin_label=\u00bbsection\u00bb _builder_version=\u00bb4.19.2&#8243; custom_padding=\u00bb0px||||false|false\u00bb global_colors_info=\u00bb{}\u00bb][et_pb_row admin_label=\u00bbrow\u00bb _builder_version=\u00bb4.16&#8243; background_size=\u00bbinitial\u00bb background_position=\u00bbtop_left\u00bb background_repeat=\u00bbrepeat\u00bb global_colors_info=\u00bb{}\u00bb][et_pb_column type=\u00bb4_4&#8243; _builder_version=\u00bb4.16&#8243; custom_padding=\u00bb|||\u00bb global_colors_info=\u00bb{}\u00bb custom_padding__hover=\u00bb|||\u00bb][et_pb_text admin_label=\u00bbText\u00bb _builder_version=\u00bb4.23.1&#8243; background_size=\u00bbinitial\u00bb background_position=\u00bbtop_left\u00bb background_repeat=\u00bbrepeat\u00bb hover_enabled=\u00bb0&#8243; global_colors_info=\u00bb{}\u00bb sticky_enabled=\u00bb0&#8243;]<\/p>\n<figure class=\"wp-block-image size-full is-style-default\"><span style=\"color: #000000;\"><img decoding=\"async\" src=\"https:\/\/canbruna.cat\/wp-content\/uploads\/2022\/12\/Promo-CB-cast.png\" alt=\"\" class=\"wp-image-84\" \/><\/span><\/figure>\n<p><span style=\"color: #000000;\"><\/span><br \/>\n&nbsp;<\/p>\n<h2 class=\"has-huge-font-size\">ODISEA CELULAR<\/h2>\n<p>&nbsp;<\/p>\n<p><span style=\"color: #ffffff;\"><\/span><\/p>\n<p><span style=\"color: #ffffff;\"><strong>HISTORIA<\/strong>: \u00bfQu\u00e9 le ocurre a la yaya? Tan pronto pierde la cabeza como parece que divisa el futuro. A veces incluso dir\u00edas que sufre una sobredosis de agua del Carmen. La han revisado y sacudido especialistas de todas partes, pero no encuentran el origen de su mal ni remedio efectivo alguno. Necesitamos ayuda para explorar qu\u00e9 narices se cuece, por detr\u00e1s de la faja!<\/span><\/p>\n<p><span style=\"color: #ffffff;\"><\/span><\/p>\n<p><span style=\"color: #ffffff;\"><strong>EQUIPO<\/strong>: Entre 2 y 6 integrantes. Para venir con ni\u00f1os, mejor ser un m\u00ednimo de 4 participantes: dos adultos y dos ni\u00f1os de 8 a 14 a\u00f1os.<\/span><\/p>\n<p><span style=\"color: #ffffff;\"><\/span><\/p>\n<p><span style=\"color: #ffffff;\"><strong>EDAD RECOMENDADA<\/strong>: A partir de los 8 a\u00f1os, siempre que la mitad del equipo sea mayor de edad. Para jugar sin adultos solo ser\u00e1 posible a partir de los 15 a\u00f1os.<\/span><\/p>\n<p><span style=\"color: #ffffff;\"><\/span><\/p>\n<p><span style=\"color: #ffffff;\"><strong>DIFICULTAD<\/strong>: Tirando a baja para los jugadores veteranos y media para los novatos.<\/span><\/p>\n<p><span style=\"color: #ffffff;\"><\/span><\/p>\n<p><span style=\"color: #ffffff;\"><strong>MIEDO<\/strong>: La ambientaci\u00f3n no tiene nada que ver con el horror, ni tampoco entrar\u00e1 nadie a asustar en ning\u00fan momento. Una aventura emocionante y tensa, pero para nada terror\u00edfica.<\/span><\/p>\n<p><span style=\"color: #ffffff;\"><\/span><\/p>\n<p><span style=\"color: #ffffff;\"><strong>ACCESIBILIDAD<\/strong>: No adaptado para personas con movilidad reducida.<\/span><\/p>\n<p><span style=\"color: #ffffff;\"><\/span><\/p>\n<p><span style=\"color: #ffffff;\"><strong>AGILIDAD<\/strong>: No es necesario tener un entrenamiento militar, para participar, pero habr\u00e1 que pasar por espacios estrechos o conexiones ins\u00f3litas, incluso ir a gatas en alg\u00fan momento, as\u00ed que mejor venir con ropa c\u00f3moda y calzado plano.<\/span><\/p>\n<p><span style=\"color: #ffffff;\"><\/span><\/p>\n<p><span style=\"color: #ffffff;\"><strong>EMBARAZADAS:\u00a0<\/strong>No es recomendable jugar en estado avanzado de embarazo ni en caso de embarazo de riesgo.\u00a0<\/span><\/p>\n<p><span style=\"color: #ffffff;\"><strong><\/strong><\/span><\/p>\n<p><span style=\"color: #ffffff;\"><strong>BEB\u00c9S:\u00a0<\/strong>Si os veis avanzando a gatas con un beb\u00e9 en mochila, o bien pasando ambos por un agujero de 80 cm de di\u00e1metro, adelante. Con cochecito, imposible, pero se puede dejar aparcado en la entrada.<\/span><\/p>\n<p><span style=\"color: #ffffff;\"><\/span><\/p>\n<p><span style=\"color: #ffffff;\"><strong>BA\u00d1O<\/strong>: Lo hay, pero dentro del espacio de juego, as\u00ed que conviene entrar con las necesidades atendidas.<\/span><\/p>\n<p><span style=\"color: #ffffff;\"><\/span><\/p>\n<p><span style=\"color: #ffffff;\"><strong>DURACI\u00d3N<\/strong>: Entre 70 y 105 minutos, incluyendo la introducci\u00f3n y el recibimiento final (60-90 minutos de juego). Como en cualquier pel\u00edcula, despu\u00e9s de vivir el inicio y el nudo de la aventura, nadie se quedar\u00e1 sin desenlace. Este hecho es clave para no poder precisar una duraci\u00f3n m\u00e1s exacta.\u00a0<\/span><\/p>\n<p>&nbsp;<\/p>\n<p>&nbsp;<\/p>\n<p>&nbsp;<\/p>\n<figure class=\"wp-block-video\"><video controls=\"controls\" src=\"https:\/\/canbruna.cat\/wp-content\/uploads\/2021\/12\/InShot_20211124_210944399.mp4\"><\/video><\/figure>\n<p>&nbsp;<\/p>\n<p>[\/et_pb_text][\/et_pb_column][\/et_pb_row][\/et_pb_section]<\/p>\n","protected":false},"excerpt":{"rendered":"<p>&nbsp; ODISEA CELULAR &nbsp; HISTORIA: \u00bfQu\u00e9 le ocurre&#8230;<\/p>\n","protected":false},"author":5,"featured_media":0,"parent":0,"menu_order":0,"comment_status":"closed","ping_status":"closed","template":"","meta":{"_et_pb_use_builder":"on","_et_pb_old_content":"","_et_gb_content_width":"","footnotes":""},"class_list":["post-788","page","type-page","status-publish","hentry","entry"],"yoast_head":"<!-- This site is optimized with the Yoast SEO plugin v26.5 - https:\/\/yoast.com\/wordpress\/plugins\/seo\/ -->\n<title>Juego - Can Bruna<\/title>\n<meta name=\"robots\" content=\"index, follow, max-snippet:-1, max-image-preview:large, max-video-preview:-1\" \/>\n<link rel=\"canonical\" href=\"https:\/\/canbruna.cat\/es\/joc\/\" \/>\n<meta property=\"og:locale\" content=\"es_ES\" \/>\n<meta property=\"og:type\" content=\"article\" \/>\n<meta property=\"og:title\" content=\"Juego - Can Bruna\" \/>\n<meta property=\"og:description\" content=\"&nbsp; ODISEA CELULAR &nbsp; HISTORIA: \u00bfQu\u00e9 le ocurre...\" \/>\n<meta property=\"og:url\" content=\"https:\/\/canbruna.cat\/es\/joc\/\" \/>\n<meta property=\"og:site_name\" content=\"Can Bruna\" \/>\n<meta property=\"article:modified_time\" content=\"2023-11-22T15:06:23+00:00\" \/>\n<meta property=\"og:image\" content=\"https:\/\/canbruna.cat\/wp-content\/uploads\/2021\/12\/Promo-CB2.jpg\" \/>\n\t<meta property=\"og:image:width\" content=\"1920\" \/>\n\t<meta property=\"og:image:height\" content=\"638\" \/>\n\t<meta property=\"og:image:type\" content=\"image\/jpeg\" \/>\n<meta name=\"twitter:card\" content=\"summary_large_image\" \/>\n<meta name=\"twitter:label1\" content=\"Tiempo de lectura\" \/>\n\t<meta name=\"twitter:data1\" content=\"2 minutos\" \/>\n<script type=\"application\/ld+json\" class=\"yoast-schema-graph\">{\"@context\":\"https:\/\/schema.org\",\"@graph\":[{\"@type\":\"WebPage\",\"@id\":\"https:\/\/canbruna.cat\/es\/joc\/\",\"url\":\"https:\/\/canbruna.cat\/es\/joc\/\",\"name\":\"Juego - Can Bruna\",\"isPartOf\":{\"@id\":\"https:\/\/canbruna.cat\/#website\"},\"primaryImageOfPage\":{\"@id\":\"https:\/\/canbruna.cat\/es\/joc\/#primaryimage\"},\"image\":{\"@id\":\"https:\/\/canbruna.cat\/es\/joc\/#primaryimage\"},\"thumbnailUrl\":\"https:\/\/canbruna.cat\/wp-content\/uploads\/2022\/12\/Promo-CB-cast.png\",\"datePublished\":\"2021-12-15T07:31:18+00:00\",\"dateModified\":\"2023-11-22T15:06:23+00:00\",\"breadcrumb\":{\"@id\":\"https:\/\/canbruna.cat\/es\/joc\/#breadcrumb\"},\"inLanguage\":\"es\",\"potentialAction\":[{\"@type\":\"ReadAction\",\"target\":[\"https:\/\/canbruna.cat\/es\/joc\/\"]}]},{\"@type\":\"ImageObject\",\"inLanguage\":\"es\",\"@id\":\"https:\/\/canbruna.cat\/es\/joc\/#primaryimage\",\"url\":\"https:\/\/canbruna.cat\/wp-content\/uploads\/2022\/12\/Promo-CB-cast.png\",\"contentUrl\":\"https:\/\/canbruna.cat\/wp-content\/uploads\/2022\/12\/Promo-CB-cast.png\"},{\"@type\":\"BreadcrumbList\",\"@id\":\"https:\/\/canbruna.cat\/es\/joc\/#breadcrumb\",\"itemListElement\":[{\"@type\":\"ListItem\",\"position\":1,\"name\":\"Inici\",\"item\":\"https:\/\/canbruna.cat\/es\/\"},{\"@type\":\"ListItem\",\"position\":2,\"name\":\"Juego\"}]},{\"@type\":\"WebSite\",\"@id\":\"https:\/\/canbruna.cat\/#website\",\"url\":\"https:\/\/canbruna.cat\/\",\"name\":\"Can Bruna\",\"description\":\"La iaia ataca de nou...\",\"publisher\":{\"@id\":\"https:\/\/canbruna.cat\/#organization\"},\"potentialAction\":[{\"@type\":\"SearchAction\",\"target\":{\"@type\":\"EntryPoint\",\"urlTemplate\":\"https:\/\/canbruna.cat\/?s={search_term_string}\"},\"query-input\":{\"@type\":\"PropertyValueSpecification\",\"valueRequired\":true,\"valueName\":\"search_term_string\"}}],\"inLanguage\":\"es\"},{\"@type\":\"Organization\",\"@id\":\"https:\/\/canbruna.cat\/#organization\",\"name\":\"Can Bruna\",\"url\":\"https:\/\/canbruna.cat\/\",\"logo\":{\"@type\":\"ImageObject\",\"inLanguage\":\"es\",\"@id\":\"https:\/\/canbruna.cat\/#\/schema\/logo\/image\/\",\"url\":\"https:\/\/canbruna.cat\/wp-content\/uploads\/2021\/12\/logo-blanc.png\",\"contentUrl\":\"https:\/\/canbruna.cat\/wp-content\/uploads\/2021\/12\/logo-blanc.png\",\"width\":2560,\"height\":1600,\"caption\":\"Can Bruna\"},\"image\":{\"@id\":\"https:\/\/canbruna.cat\/#\/schema\/logo\/image\/\"}}]}<\/script>\n<!-- \/ Yoast SEO plugin. -->","yoast_head_json":{"title":"Juego - Can Bruna","robots":{"index":"index","follow":"follow","max-snippet":"max-snippet:-1","max-image-preview":"max-image-preview:large","max-video-preview":"max-video-preview:-1"},"canonical":"https:\/\/canbruna.cat\/es\/joc\/","og_locale":"es_ES","og_type":"article","og_title":"Juego - Can Bruna","og_description":"&nbsp; ODISEA CELULAR &nbsp; HISTORIA: \u00bfQu\u00e9 le ocurre...","og_url":"https:\/\/canbruna.cat\/es\/joc\/","og_site_name":"Can Bruna","article_modified_time":"2023-11-22T15:06:23+00:00","og_image":[{"width":1920,"height":638,"url":"https:\/\/canbruna.cat\/wp-content\/uploads\/2021\/12\/Promo-CB2.jpg","type":"image\/jpeg"}],"twitter_card":"summary_large_image","twitter_misc":{"Tiempo de lectura":"2 minutos"},"schema":{"@context":"https:\/\/schema.org","@graph":[{"@type":"WebPage","@id":"https:\/\/canbruna.cat\/es\/joc\/","url":"https:\/\/canbruna.cat\/es\/joc\/","name":"Juego - Can Bruna","isPartOf":{"@id":"https:\/\/canbruna.cat\/#website"},"primaryImageOfPage":{"@id":"https:\/\/canbruna.cat\/es\/joc\/#primaryimage"},"image":{"@id":"https:\/\/canbruna.cat\/es\/joc\/#primaryimage"},"thumbnailUrl":"https:\/\/canbruna.cat\/wp-content\/uploads\/2022\/12\/Promo-CB-cast.png","datePublished":"2021-12-15T07:31:18+00:00","dateModified":"2023-11-22T15:06:23+00:00","breadcrumb":{"@id":"https:\/\/canbruna.cat\/es\/joc\/#breadcrumb"},"inLanguage":"es","potentialAction":[{"@type":"ReadAction","target":["https:\/\/canbruna.cat\/es\/joc\/"]}]},{"@type":"ImageObject","inLanguage":"es","@id":"https:\/\/canbruna.cat\/es\/joc\/#primaryimage","url":"https:\/\/canbruna.cat\/wp-content\/uploads\/2022\/12\/Promo-CB-cast.png","contentUrl":"https:\/\/canbruna.cat\/wp-content\/uploads\/2022\/12\/Promo-CB-cast.png"},{"@type":"BreadcrumbList","@id":"https:\/\/canbruna.cat\/es\/joc\/#breadcrumb","itemListElement":[{"@type":"ListItem","position":1,"name":"Inici","item":"https:\/\/canbruna.cat\/es\/"},{"@type":"ListItem","position":2,"name":"Juego"}]},{"@type":"WebSite","@id":"https:\/\/canbruna.cat\/#website","url":"https:\/\/canbruna.cat\/","name":"Can Bruna","description":"La iaia ataca de nou...","publisher":{"@id":"https:\/\/canbruna.cat\/#organization"},"potentialAction":[{"@type":"SearchAction","target":{"@type":"EntryPoint","urlTemplate":"https:\/\/canbruna.cat\/?s={search_term_string}"},"query-input":{"@type":"PropertyValueSpecification","valueRequired":true,"valueName":"search_term_string"}}],"inLanguage":"es"},{"@type":"Organization","@id":"https:\/\/canbruna.cat\/#organization","name":"Can Bruna","url":"https:\/\/canbruna.cat\/","logo":{"@type":"ImageObject","inLanguage":"es","@id":"https:\/\/canbruna.cat\/#\/schema\/logo\/image\/","url":"https:\/\/canbruna.cat\/wp-content\/uploads\/2021\/12\/logo-blanc.png","contentUrl":"https:\/\/canbruna.cat\/wp-content\/uploads\/2021\/12\/logo-blanc.png","width":2560,"height":1600,"caption":"Can Bruna"},"image":{"@id":"https:\/\/canbruna.cat\/#\/schema\/logo\/image\/"}}]}},"_links":{"self":[{"href":"https:\/\/canbruna.cat\/es\/wp-json\/wp\/v2\/pages\/788","targetHints":{"allow":["GET"]}}],"collection":[{"href":"https:\/\/canbruna.cat\/es\/wp-json\/wp\/v2\/pages"}],"about":[{"href":"https:\/\/canbruna.cat\/es\/wp-json\/wp\/v2\/types\/page"}],"author":[{"embeddable":true,"href":"https:\/\/canbruna.cat\/es\/wp-json\/wp\/v2\/users\/5"}],"replies":[{"embeddable":true,"href":"https:\/\/canbruna.cat\/es\/wp-json\/wp\/v2\/comments?post=788"}],"version-history":[{"count":1,"href":"https:\/\/canbruna.cat\/es\/wp-json\/wp\/v2\/pages\/788\/revisions"}],"predecessor-version":[{"id":2329,"href":"https:\/\/canbruna.cat\/es\/wp-json\/wp\/v2\/pages\/788\/revisions\/2329"}],"wp:attachment":[{"href":"https:\/\/canbruna.cat\/es\/wp-json\/wp\/v2\/media?parent=788"}],"curies":[{"name":"wp","href":"https:\/\/api.w.org\/{rel}","templated":true}]}}