{"id":1860,"date":"2022-12-01T09:49:22","date_gmt":"2022-12-01T09:49:22","guid":{"rendered":"https:\/\/canbruna.cat\/val-regal\/"},"modified":"2025-12-05T15:23:25","modified_gmt":"2025-12-05T15:23:25","slug":"vale-regalo","status":"publish","type":"page","link":"https:\/\/canbruna.cat\/es\/vale-regalo\/","title":{"rendered":"Vale Regalo"},"content":{"rendered":"<p>[et_pb_section fb_built=\u00bb1&#8243; _builder_version=\u00bb4.27.3&#8243; _module_preset=\u00bbdefault\u00bb custom_margin=\u00bb-15px||||false|false\u00bb custom_padding=\u00bb1px||||false|false\u00bb global_colors_info=\u00bb{}\u00bb][et_pb_row _builder_version=\u00bb4.19.2&#8243; _module_preset=\u00bbdefault\u00bb global_colors_info=\u00bb{}\u00bb][et_pb_column type=\u00bb4_4&#8243; _builder_version=\u00bb4.19.2&#8243; _module_preset=\u00bbdefault\u00bb global_colors_info=\u00bb{}\u00bb][et_pb_text _builder_version=\u00bb4.27.4&#8243; _module_preset=\u00bbdefault\u00bb hover_enabled=\u00bb0&#8243; global_colors_info=\u00bb{}\u00bb sticky_enabled=\u00bb0&#8243;]<\/p>\n<p><!-- divi:paragraph {\"fontSize\":\"extra-large\"} --><\/p>\n<p class=\"has-extra-large-font-size\">REGALA LA NUEVA AVENTURA<\/p>\n<p><!-- \/divi:paragraph --><\/p>\n<p><span class=\"gmail_default\">\u200b<\/span>Ahora que ya tenemos las fiestas de Navidad a la vuelta de la esquina, \u00bfqu\u00e9 mejor que regalar una experiencia llena de emoci\u00f3n y adrenalina? Mientras disfrut\u00e1is jugando, gozar\u00e9is de una buena catarsis y saldr\u00e9is de Can Bruna renovados!<\/p>\n<p>Odisea Celular es una aventura para compartir con la familia, los amigos o los compa\u00f1eros de trabajo, una fuente de an\u00e9cdotas que os arrancar\u00e1n sonrisas durante mucho tiempo, al rememorarlas. <strong>\u00bfNecesit\u00e1is m\u00e1s motivos para haceros con un Vale Regalo?<\/strong><\/p>\n<p><!-- \/divi:paragraph --><\/p>\n<p><!-- divi:paragraph {\"fontSize\":\"extra-large\"} --><\/p>\n<p class=\"has-extra-large-font-size\">CARACTER\u00cdSTICAS<\/p>\n<p><!-- \/divi:paragraph --><\/p>\n<p><!-- divi:paragraph --><strong>DURACI\u00d3N: <\/strong><span class=\"gmail_default\">\u200b<\/span>El c\u00f3digo del Vale Regalo ser\u00e1 \u00fatil durante 6 meses, aunque hasta el \u00faltimo d\u00eda de estos 6 meses se podr\u00e1 reservar cualquier sesi\u00f3n que aparezca en el calendario.<\/p>\n<p><!-- \/divi:paragraph --><\/p>\n<p><!-- divi:paragraph --><strong>PERSONALIZACI\u00d3N:<\/strong> <span class=\"gmail_default\">\u200b<\/span><span>Durante la gesti\u00f3n de compra, el sistema os permitir\u00e1 incluir los nombres de los beneficiarios y\/o una dedicatoria (m\u00e1ximo 20 palabras).<\/span><\/p>\n<p><!-- \/divi:paragraph --><\/p>\n<p><!-- divi:paragraph --><strong>IDIOMA:<\/strong> El Vale Regalo <span class=\"gmail_default\">\u200b<\/span><span>est\u00e1 disponible tanto en catal\u00e1n como en castellano. La elecci\u00f3n es vuestra<\/span>.<\/p>\n<p><!-- \/divi:paragraph --><\/p>\n<p><!-- divi:paragraph -->\u200b<strong>ENTREGA: <span class=\"gmail_default\">\u200b<\/span><\/strong>En el email de confirmaci\u00f3n, despu\u00e9s de efectuar el pago correctamente desde nuestra web, encontrar\u00e1 adjunto el Val Regal como un archivo PDF.<\/p>\n<p><!-- \/divi:paragraph --><\/p>\n<p><!-- divi:paragraph {\"fontSize\":\"extra-large\"} --><\/p>\n<p class=\"has-extra-large-font-size\">COSTE<\/p>\n<p><!-- \/divi:paragraph --><\/p>\n<p><span class=\"gmail_default\">\u200b<\/span><span>Los pagos de Sesiones de Juego y de Vales Regalos se realizan \u00fanicamente online, v\u00eda tarjeta bancaria.<\/span><\/p>\n<p><!-- \/divi:paragraph --><\/p>\n<p><!-- divi:paragraph -->VALE REGALO 2 jugadores -&gt; <strong>80\u00a0\u20ac<\/strong><\/p>\n<p><!-- \/divi:paragraph --><\/p>\n<p><!-- divi:paragraph -->VALE REGALO 3 jugadores -&gt; <strong>90\u00a0\u20ac<\/strong><\/p>\n<p><!-- \/divi:paragraph --><\/p>\n<p><!-- divi:paragraph -->VALE REGALO 4 jugadores -&gt;<strong> 116<\/strong> \u20ac<\/p>\n<p><!-- \/divi:paragraph --><\/p>\n<p><!-- divi:paragraph -->VALE REGALO 5 jugadores -&gt; <strong>140 \u20ac<\/strong><\/p>\n<p><!-- \/divi:paragraph --><\/p>\n<p><!-- divi:paragraph -->VALE REGALO 6 jugadores -&gt; <strong>162 \u20ac\u00a0<\/strong><\/p>\n<p><!-- \/divi:paragraph --><\/p>\n<p>[\/et_pb_text][\/et_pb_column][\/et_pb_row][\/et_pb_section][et_pb_section fb_built=\u00bb1&#8243; _builder_version=\u00bb4.19.2&#8243; _module_preset=\u00bbdefault\u00bb custom_margin=\u00bb-15px||||false|false\u00bb custom_padding=\u00bb1px||||false|false\u00bb global_colors_info=\u00bb{}\u00bb][et_pb_row _builder_version=\u00bb4.19.2&#8243; _module_preset=\u00bbdefault\u00bb global_colors_info=\u00bb{}\u00bb][et_pb_column type=\u00bb4_4&#8243; _builder_version=\u00bb4.19.2&#8243; _module_preset=\u00bbdefault\u00bb global_colors_info=\u00bb{}\u00bb][et_pb_text _builder_version=\u00bb4.19.2&#8243; _module_preset=\u00bbdefault\u00bb global_colors_info=\u00bb{}\u00bb]<\/p>\n<p><!-- divi:paragraph {\"fontSize\":\"extra-large\"} --><\/p>\n<p class=\"has-extra-large-font-size\">REGALA LA NUEVA AVENTURA<\/p>\n<p><!-- \/divi:paragraph --><\/p>\n<p><span class=\"gmail_default\">\u200b<\/span>Ahora que ya tenemos las fiestas de Navidad a la vuelta de la esquina, \u00bfqu\u00e9 mejor que regalar una experiencia llena de emoci\u00f3n y adrenalina? Mientras disfrut\u00e1is jugando, gozar\u00e9is de una buena catarsis y saldr\u00e9is de Can Bruna renovados!<\/p>\n<p>Odisea Celular es una aventura para compartir con la familia, los amigos o los compa\u00f1eros de trabajo, una fuente de an\u00e9cdotas que os arrancar\u00e1n sonrisas durante mucho tiempo, al rememorarlas. <strong>\u00bfNecesit\u00e1is m\u00e1s motivos para haceros con un Vale Regalo?<\/strong><\/p>\n<p><!-- \/divi:paragraph --><\/p>\n<p><!-- divi:paragraph {\"fontSize\":\"extra-large\"} --><\/p>\n<p class=\"has-extra-large-font-size\">CARACTER\u00cdSTICAS<\/p>\n<p><!-- \/divi:paragraph --><\/p>\n<p><!-- divi:paragraph --><strong>DURACI\u00d3N: <\/strong><span class=\"gmail_default\">\u200b<\/span>El c\u00f3digo del Vale Regalo ser\u00e1 \u00fatil durante 6 meses, aunque hasta el \u00faltimo d\u00eda de estos 6 meses se podr\u00e1 reservar cualquier sesi\u00f3n que aparezca en el calendario.<\/p>\n<p><!-- \/divi:paragraph --><\/p>\n<p><!-- divi:paragraph --><strong>PERSONALIZACI\u00d3N:<\/strong> <span class=\"gmail_default\">\u200b<\/span><span>Durante la gesti\u00f3n de compra, el sistema os permitir\u00e1 incluir los nombres de los beneficiarios y\/o una dedicatoria (m\u00e1ximo 20 palabras).<\/span><\/p>\n<p><!-- \/divi:paragraph --><\/p>\n<p><!-- divi:paragraph --><strong>IDIOMA:<\/strong> El Vale Regalo <span class=\"gmail_default\">\u200b<\/span><span>est\u00e1 disponible tanto en catal\u00e1n como en castellano. La elecci\u00f3n es vuestra<\/span>.<\/p>\n<p><!-- \/divi:paragraph --><\/p>\n<p><!-- divi:paragraph -->\u200b<strong>ENTREGA: <span class=\"gmail_default\">\u200b<\/span><\/strong>En el email de confirmaci\u00f3n, despu\u00e9s de efectuar el pago correctamente desde nuestra web, encontrar\u00e1 adjunto el Val Regal como un archivo PDF.<\/p>\n<p><!-- \/divi:paragraph --><\/p>\n<p><!-- divi:paragraph {\"fontSize\":\"extra-large\"} --><\/p>\n<p class=\"has-extra-large-font-size\">COSTE<\/p>\n<p><!-- \/divi:paragraph --><\/p>\n<p><span class=\"gmail_default\">\u200b<\/span><span>Los pagos de Sesiones de Juego y de Vales Regalos se realizan \u00fanicamente online, v\u00eda tarjeta bancaria.<\/span><\/p>\n<p><!-- \/divi:paragraph --><\/p>\n<p><!-- divi:paragraph -->VALE REGALO 2 jugadores -&gt; <strong>74 \u20ac<\/strong><\/p>\n<p><!-- \/divi:paragraph --><\/p>\n<p><!-- divi:paragraph -->VALE REGALO 3 jugadores -&gt; <strong>84 \u20ac<\/strong><\/p>\n<p><!-- \/divi:paragraph --><\/p>\n<p><!-- divi:paragraph -->VALE REGALO 4 jugadores -&gt;<strong> 96<\/strong> \u20ac<\/p>\n<p><!-- \/divi:paragraph --><\/p>\n<p><!-- divi:paragraph -->VALE REGALO 5 jugadores -&gt; <strong>115 \u20ac \u20ac<\/strong><\/p>\n<p><!-- \/divi:paragraph --><\/p>\n<p><!-- divi:paragraph -->VALE REGALO 6 jugadores -&gt; <strong>132 \u20ac\u00a0<\/strong><\/p>\n<p><!-- \/divi:paragraph --><\/p>\n<p>[\/et_pb_text][\/et_pb_column][\/et_pb_row][\/et_pb_section][et_pb_section fb_built=\u00bb1&#8243; _builder_version=\u00bb4.19.1&#8243; _module_preset=\u00bbdefault\u00bb background_color=\u00bbrgba(17,17,17,0.63)\u00bb global_colors_info=\u00bb{}\u00bb][et_pb_row _builder_version=\u00bb4.19.2&#8243; _module_preset=\u00bbdefault\u00bb global_colors_info=\u00bb{}\u00bb][et_pb_column type=\u00bb4_4&#8243; _builder_version=\u00bb4.19.1&#8243; _module_preset=\u00bbdefault\u00bb global_colors_info=\u00bb{}\u00bb][et_pb_code _builder_version=\u00bb4.22.1&#8243; _module_preset=\u00bbdefault\u00bb text_orientation=\u00bbcenter\u00bb global_colors_info=\u00bb{}\u00bb]<\/p>\n<style><!-- [et_pb_line_break_holder] -->    .iframe-container {<!-- [et_pb_line_break_holder] -->        width: 100%;<!-- [et_pb_line_break_holder] -->        height: 100vh;<!-- [et_pb_line_break_holder] -->    }<!-- [et_pb_line_break_holder] --><\/style>\n<p><!-- [et_pb_line_break_holder] --><!-- [et_pb_line_break_holder] --><\/p>\n<div class=\"iframe-container\"><!-- [et_pb_line_break_holder] -->    <iframe style=\"<!-- [et_pb_line_break_holder] -->    height: 100%;<!-- [et_pb_line_break_holder] -->                   width:100%;<!-- [et_pb_line_break_holder] -->\u00bb src=\u00bbhttps:\/\/canbruna.cat\/reservas\/es\/valregal.html\u00bb frameborder=\u00bb0&#8243; scrolling=\u00bbsi\u00bb><\/iframe><!-- [et_pb_line_break_holder] --><\/div>\n<p><!-- [et_pb_line_break_holder] --> [\/et_pb_code][\/et_pb_column][\/et_pb_row][\/et_pb_section]<\/p>\n","protected":false},"excerpt":{"rendered":"<p>REGALA LA NUEVA AVENTURA \u200bAhora que ya tenemos las&#8230;<\/p>\n","protected":false},"author":4,"featured_media":0,"parent":0,"menu_order":0,"comment_status":"closed","ping_status":"closed","template":"","meta":{"_et_pb_use_builder":"on","_et_pb_old_content":"<!-- wp:paragraph {\"fontSize\":\"extra-large\"} -->\n<p class=\"has-extra-large-font-size\">REGALA LA NOVA AVENTURA<\/p>\n<!-- \/wp:paragraph -->\n\n<!-- wp:paragraph -->\n<p>Ara que ja tenim les festes de Nadal a tocar, qu\u00e8 millor que regalar una experi\u00e8ncia plena d'emoci\u00f3 i adrenalina? Mentre gaudiu jugant, viureu una bona catarsi i sortireu de Can Bruna renovats! Odissea Cel\u00b7lular \u00e9s una aventura per a compartir amb la fam\u00edlia, els amics o els companys de feina, una font d'an\u00e8cdotes que us arrencaran somriures durant un grapat de dies, en rememorar-les. Necessiteu m\u00e9s motius per fer-vos amb un Val Regal? Som-hi!<\/p>\n<!-- \/wp:paragraph -->\n\n<!-- wp:paragraph {\"fontSize\":\"extra-large\"} -->\n<p class=\"has-extra-large-font-size\">CARACTER\u00cdSTIQUES<\/p>\n<!-- \/wp:paragraph -->\n\n<!-- wp:paragraph -->\n<p><strong>DURADA: <\/strong>El codi del Val Regal ser\u00e0 \u00fatil durant 6 mesos, tot i que fins al darrer dia d'aquests 6 mesos es podr\u00e0 reservar qualsevol sessi\u00f3 que aparegui al calendari.<\/p>\n<!-- \/wp:paragraph -->\n\n<!-- wp:paragraph -->\n<p><strong>PERSONALITZACI\u00d3:<\/strong> Durant la gesti\u00f3 de compra, el sistema et permetr\u00e0 incloure els noms dels beneficiaris i\/o una dedicat\u00f2ria (m\u00e0xim 20 paraules).<\/p>\n<!-- \/wp:paragraph -->\n\n<!-- wp:paragraph -->\n<p>I<strong>DIOMA:<\/strong> El Val Regal est\u00e0 disponible tant en catal\u00e0 com en castell\u00e0. L'elecci\u00f3 \u00e9s vostra.<\/p>\n<!-- \/wp:paragraph -->\n\n<!-- wp:paragraph -->\n<p>\u200b<strong>LLIURAMENT: <\/strong>A l'email de confirmaci\u00f3, despr\u00e9s d'efectuar el pagament correctament des de la nostra web, trobareu adjunt el Val Regal com un arxiu PDF.<\/p>\n<!-- \/wp:paragraph -->\n\n<!-- wp:paragraph {\"fontSize\":\"extra-large\"} -->\n<p class=\"has-extra-large-font-size\">COST<\/p>\n<!-- \/wp:paragraph -->\n\n<!-- wp:paragraph -->\n<p>Els pagaments de Sessions de Joc i de Vals Regals es fan \u00fanicament en l\u00ednia, via targeta banc\u00e0ria.<\/p>\n<!-- \/wp:paragraph -->\n\n<!-- wp:paragraph -->\n<p>VAL REGAL 2 jugadors -&gt; <strong>74 \u20ac<\/strong><\/p>\n<!-- \/wp:paragraph -->\n\n<!-- wp:paragraph -->\n<p>VAL REGAL 3 jugadors -&gt; <strong>84 \u20ac<\/strong><\/p>\n<!-- \/wp:paragraph -->\n\n<!-- wp:paragraph -->\n<p>VAL REGAL 4 jugadors -&gt;<strong> 96<\/strong> \u20ac<\/p>\n<!-- \/wp:paragraph -->\n\n<!-- wp:paragraph -->\n<p>VAL REGAL 5 jugadors -&gt; <strong>115 \u20ac \u20ac<\/strong><\/p>\n<!-- \/wp:paragraph -->\n\n<!-- wp:paragraph -->\n<p>VAL REGAL 6 jugadors -&gt; <strong>132 \u20ac&nbsp;<\/strong><\/p>\n<!-- \/wp:paragraph -->","_et_gb_content_width":"","footnotes":""},"class_list":["post-1860","page","type-page","status-publish","hentry","entry"],"yoast_head":"<!-- This site is optimized with the Yoast SEO plugin v26.5 - https:\/\/yoast.com\/wordpress\/plugins\/seo\/ -->\n<title>Vale Regalo - Can Bruna<\/title>\n<meta name=\"robots\" content=\"index, follow, max-snippet:-1, max-image-preview:large, max-video-preview:-1\" \/>\n<link rel=\"canonical\" href=\"https:\/\/canbruna.cat\/es\/vale-regalo\/\" \/>\n<meta property=\"og:locale\" content=\"es_ES\" \/>\n<meta property=\"og:type\" content=\"article\" \/>\n<meta property=\"og:title\" content=\"Vale Regalo - Can Bruna\" \/>\n<meta property=\"og:description\" content=\"REGALA LA NUEVA AVENTURA \u200bAhora que ya tenemos las...\" \/>\n<meta property=\"og:url\" content=\"https:\/\/canbruna.cat\/es\/vale-regalo\/\" \/>\n<meta property=\"og:site_name\" content=\"Can Bruna\" \/>\n<meta property=\"article:modified_time\" content=\"2025-12-05T15:23:25+00:00\" \/>\n<meta name=\"twitter:card\" content=\"summary_large_image\" \/>\n<meta name=\"twitter:label1\" content=\"Tiempo de lectura\" \/>\n\t<meta name=\"twitter:data1\" content=\"3 minutos\" \/>\n<script type=\"application\/ld+json\" class=\"yoast-schema-graph\">{\"@context\":\"https:\/\/schema.org\",\"@graph\":[{\"@type\":\"WebPage\",\"@id\":\"https:\/\/canbruna.cat\/es\/vale-regalo\/\",\"url\":\"https:\/\/canbruna.cat\/es\/vale-regalo\/\",\"name\":\"Vale Regalo - Can Bruna\",\"isPartOf\":{\"@id\":\"https:\/\/canbruna.cat\/#website\"},\"datePublished\":\"2022-12-01T09:49:22+00:00\",\"dateModified\":\"2025-12-05T15:23:25+00:00\",\"breadcrumb\":{\"@id\":\"https:\/\/canbruna.cat\/es\/vale-regalo\/#breadcrumb\"},\"inLanguage\":\"es\",\"potentialAction\":[{\"@type\":\"ReadAction\",\"target\":[\"https:\/\/canbruna.cat\/es\/vale-regalo\/\"]}]},{\"@type\":\"BreadcrumbList\",\"@id\":\"https:\/\/canbruna.cat\/es\/vale-regalo\/#breadcrumb\",\"itemListElement\":[{\"@type\":\"ListItem\",\"position\":1,\"name\":\"Inici\",\"item\":\"https:\/\/canbruna.cat\/es\/\"},{\"@type\":\"ListItem\",\"position\":2,\"name\":\"Vale Regalo\"}]},{\"@type\":\"WebSite\",\"@id\":\"https:\/\/canbruna.cat\/#website\",\"url\":\"https:\/\/canbruna.cat\/\",\"name\":\"Can Bruna\",\"description\":\"La iaia ataca de nou...\",\"publisher\":{\"@id\":\"https:\/\/canbruna.cat\/#organization\"},\"potentialAction\":[{\"@type\":\"SearchAction\",\"target\":{\"@type\":\"EntryPoint\",\"urlTemplate\":\"https:\/\/canbruna.cat\/?s={search_term_string}\"},\"query-input\":{\"@type\":\"PropertyValueSpecification\",\"valueRequired\":true,\"valueName\":\"search_term_string\"}}],\"inLanguage\":\"es\"},{\"@type\":\"Organization\",\"@id\":\"https:\/\/canbruna.cat\/#organization\",\"name\":\"Can Bruna\",\"url\":\"https:\/\/canbruna.cat\/\",\"logo\":{\"@type\":\"ImageObject\",\"inLanguage\":\"es\",\"@id\":\"https:\/\/canbruna.cat\/#\/schema\/logo\/image\/\",\"url\":\"https:\/\/canbruna.cat\/wp-content\/uploads\/2021\/12\/logo-blanc.png\",\"contentUrl\":\"https:\/\/canbruna.cat\/wp-content\/uploads\/2021\/12\/logo-blanc.png\",\"width\":2560,\"height\":1600,\"caption\":\"Can Bruna\"},\"image\":{\"@id\":\"https:\/\/canbruna.cat\/#\/schema\/logo\/image\/\"}}]}<\/script>\n<!-- \/ Yoast SEO plugin. -->","yoast_head_json":{"title":"Vale Regalo - Can Bruna","robots":{"index":"index","follow":"follow","max-snippet":"max-snippet:-1","max-image-preview":"max-image-preview:large","max-video-preview":"max-video-preview:-1"},"canonical":"https:\/\/canbruna.cat\/es\/vale-regalo\/","og_locale":"es_ES","og_type":"article","og_title":"Vale Regalo - Can Bruna","og_description":"REGALA LA NUEVA AVENTURA \u200bAhora que ya tenemos las...","og_url":"https:\/\/canbruna.cat\/es\/vale-regalo\/","og_site_name":"Can Bruna","article_modified_time":"2025-12-05T15:23:25+00:00","twitter_card":"summary_large_image","twitter_misc":{"Tiempo de lectura":"3 minutos"},"schema":{"@context":"https:\/\/schema.org","@graph":[{"@type":"WebPage","@id":"https:\/\/canbruna.cat\/es\/vale-regalo\/","url":"https:\/\/canbruna.cat\/es\/vale-regalo\/","name":"Vale Regalo - Can Bruna","isPartOf":{"@id":"https:\/\/canbruna.cat\/#website"},"datePublished":"2022-12-01T09:49:22+00:00","dateModified":"2025-12-05T15:23:25+00:00","breadcrumb":{"@id":"https:\/\/canbruna.cat\/es\/vale-regalo\/#breadcrumb"},"inLanguage":"es","potentialAction":[{"@type":"ReadAction","target":["https:\/\/canbruna.cat\/es\/vale-regalo\/"]}]},{"@type":"BreadcrumbList","@id":"https:\/\/canbruna.cat\/es\/vale-regalo\/#breadcrumb","itemListElement":[{"@type":"ListItem","position":1,"name":"Inici","item":"https:\/\/canbruna.cat\/es\/"},{"@type":"ListItem","position":2,"name":"Vale Regalo"}]},{"@type":"WebSite","@id":"https:\/\/canbruna.cat\/#website","url":"https:\/\/canbruna.cat\/","name":"Can Bruna","description":"La iaia ataca de nou...","publisher":{"@id":"https:\/\/canbruna.cat\/#organization"},"potentialAction":[{"@type":"SearchAction","target":{"@type":"EntryPoint","urlTemplate":"https:\/\/canbruna.cat\/?s={search_term_string}"},"query-input":{"@type":"PropertyValueSpecification","valueRequired":true,"valueName":"search_term_string"}}],"inLanguage":"es"},{"@type":"Organization","@id":"https:\/\/canbruna.cat\/#organization","name":"Can Bruna","url":"https:\/\/canbruna.cat\/","logo":{"@type":"ImageObject","inLanguage":"es","@id":"https:\/\/canbruna.cat\/#\/schema\/logo\/image\/","url":"https:\/\/canbruna.cat\/wp-content\/uploads\/2021\/12\/logo-blanc.png","contentUrl":"https:\/\/canbruna.cat\/wp-content\/uploads\/2021\/12\/logo-blanc.png","width":2560,"height":1600,"caption":"Can Bruna"},"image":{"@id":"https:\/\/canbruna.cat\/#\/schema\/logo\/image\/"}}]}},"_links":{"self":[{"href":"https:\/\/canbruna.cat\/es\/wp-json\/wp\/v2\/pages\/1860","targetHints":{"allow":["GET"]}}],"collection":[{"href":"https:\/\/canbruna.cat\/es\/wp-json\/wp\/v2\/pages"}],"about":[{"href":"https:\/\/canbruna.cat\/es\/wp-json\/wp\/v2\/types\/page"}],"author":[{"embeddable":true,"href":"https:\/\/canbruna.cat\/es\/wp-json\/wp\/v2\/users\/4"}],"replies":[{"embeddable":true,"href":"https:\/\/canbruna.cat\/es\/wp-json\/wp\/v2\/comments?post=1860"}],"version-history":[{"count":1,"href":"https:\/\/canbruna.cat\/es\/wp-json\/wp\/v2\/pages\/1860\/revisions"}],"predecessor-version":[{"id":2626,"href":"https:\/\/canbruna.cat\/es\/wp-json\/wp\/v2\/pages\/1860\/revisions\/2626"}],"wp:attachment":[{"href":"https:\/\/canbruna.cat\/es\/wp-json\/wp\/v2\/media?parent=1860"}],"curies":[{"name":"wp","href":"https:\/\/api.w.org\/{rel}","templated":true}]}}