{"id":1855,"date":"2021-12-15T07:35:47","date_gmt":"2021-12-15T07:35:47","guid":{"rendered":"https:\/\/canbruna.cat\/reserves\/"},"modified":"2025-12-14T18:54:51","modified_gmt":"2025-12-14T18:54:51","slug":"reservas","status":"publish","type":"page","link":"https:\/\/canbruna.cat\/es\/reservas\/","title":{"rendered":"Reservas"},"content":{"rendered":"<p>[et_pb_section fb_built=\u00bb1&#8243; _builder_version=\u00bb4.27.4&#8243; custom_margin=\u00bb-70px||||false|false\u00bb global_colors_info=\u00bb{}\u00bb][et_pb_row _builder_version=\u00bb4.27.4&#8243; background_size=\u00bbinitial\u00bb background_position=\u00bbtop_left\u00bb background_repeat=\u00bbrepeat\u00bb custom_margin=\u00bb-29px||||false|false\u00bb global_colors_info=\u00bb{}\u00bb][et_pb_column type=\u00bb4_4&#8243; _builder_version=\u00bb4.16&#8243; custom_padding=\u00bb|||\u00bb global_colors_info=\u00bb{}\u00bb custom_padding__hover=\u00bb|||\u00bb][et_pb_text _builder_version=\u00bb4.27.4&#8243; background_size=\u00bbinitial\u00bb background_position=\u00bbtop_left\u00bb background_repeat=\u00bbrepeat\u00bb global_colors_info=\u00bb{}\u00bb]<\/p>\n<p><!-- divi:paragraph {\"fontSize\":\"extra-large\"} --><\/p>\n<div class=\"et_pb_section et_pb_section_0 et_section_regular et_section_transparent\">\n<div class=\"et_pb_row et_pb_row_0\">\n<div class=\"et_pb_column et_pb_column_4_4 et_pb_column_0  et_pb_css_mix_blend_mode_passthrough et-last-child\">\n<div class=\"et_pb_module et_pb_text et_pb_text_2  et_pb_text_align_left et_pb_bg_layout_light\">\n<div class=\"et_pb_text_inner\">\n<p class=\"has-extra-large-font-size\"><span><strong>Pide cita para reparar a la yaya\u2026 \u00a1DESDE DENTRO!<\/strong><\/span><\/p>\n<p><span>Como expertos en microorganismos parasitarios, ya pod\u00e9is reservar vuestra cita en Can Bruna. Ser\u00e9is de gran ayuda para adentraros en el universo m\u00e1s \u00edntimo de N\u00faria Bruna y reactivar sus 5 sentidos antes que sea demasiado tarde. Navegar\u00e9is entre neuronas y arterias mientras san\u00e1is cada \u00f3rgano da\u00f1ado.<\/span><\/p>\n<p><span>No os lo pens\u00e9is dos veces, que la rataf\u00eda no hace milagros y nuestra yaya\u2026 \u00a1Necesita una reparaci\u00f3n urgente!<\/span><\/p>\n<\/div>\n<\/div>\n<\/div>\n<\/div>\n<\/div>\n<p><!-- \/divi:paragraph --><\/p>\n<p>[\/et_pb_text][et_pb_text _builder_version=\u00bb4.27.4&#8243; _module_preset=\u00bbdefault\u00bb background_color=\u00bb#fa8072&#8243; hover_enabled=\u00bb0&#8243; global_colors_info=\u00bb{}\u00bb custom_padding=\u00bb10px|10px|10px|10px|true|true\u00bb sticky_enabled=\u00bb0&#8243;]<\/p>\n<p class=\"has-extra-large-font-size\">PARADA CARD\u00cdACA<\/p>\n<p><strong>\u00bfDese\u00e1is detener el tiempo durante 3 minutos para comunicar alguna noticia relevante o bien entregar un regalo vuestro a un compa\u00f1ero de equipo?<\/strong> \u00a1Pues seleccionad la opci\u00f3n de Parada Card\u00edaca y podr\u00e9is hacerlo! El coraz\u00f3n de la abuela se detendr\u00e1 sin riesgo de colapso y la iluminaci\u00f3n cambiar\u00e1 para generar un momento m\u00e1gico.<\/p>\n<p>El regalo es cosa vuestra, eso s\u00ed. Pod\u00e9is introducirlo en una bolsa, bolsillo o mochila, y ya os daremos instrucciones de c\u00f3mo provocar esta Parada Card\u00edaca v\u00eda e-mail, si la solicit\u00e1is durante la reserva.<\/p>\n<p>Tan sencillo como marcar S\u00cd o NO en el desplegable que encontrar\u00e9is bajo los datos personales que hay que incluir una vez seleccionada fecha y hora en el calendario.<\/p>\n<p>[\/et_pb_text][et_pb_text _builder_version=\u00bb4.27.4&#8243; _module_preset=\u00bbdefault\u00bb background_enable_color=\u00bboff\u00bb global_colors_info=\u00bb{}\u00bb]<\/p>\n<div class=\"et_pb_section et_pb_section_0 et_section_regular et_section_transparent\">\n<div class=\"et_pb_row et_pb_row_0\">\n<div class=\"et_pb_column et_pb_column_4_4 et_pb_column_0  et_pb_css_mix_blend_mode_passthrough et-last-child\">\n<div class=\"et_pb_module et_pb_text et_pb_text_2  et_pb_text_align_left et_pb_bg_layout_light\">\n<div class=\"et_pb_text_inner\">\n<p class=\"has-extra-large-font-size\">\n<p class=\"has-extra-large-font-size\">COSTE<\/p>\n<p><span>Las compras de Vales Regalos se realizan \u00fanicamente online, v\u00eda tarjeta bancaria. En cambio, para reservar Sesiones de Juego ofrecemos 2 opciones:<\/span><br \/><span><\/span><\/p>\n<p><span>1.\u00a0<strong>Pago completo<\/strong>\u00a0con tarjeta.<\/span><\/p>\n<p><span>2.\u00a0<strong>Paga y se\u00f1al<\/strong>\u00a0de 30 \u20ac con tarjeta, y el importe restante\u00a0<strong>en efectivo<\/strong>\u00a0el d\u00eda de la actividad.<\/span><\/p>\n<ul>\n<li><span>SESI\u00d3N 2 jugadores -&gt;<strong>\u00a080\u00a0\u20ac<\/strong><\/span><\/li>\n<li><span>SESI\u00d3N 3 jugadores -&gt;\u00a0<strong>90\u00a0\u20ac<\/strong><\/span><\/li>\n<li><span>SESI\u00d3N 4 jugadores -&gt;<strong>\u00a0116<\/strong>\u00a0\u20ac<\/span><\/li>\n<li><span>SESI\u00d3N 5 jugadores -&gt;\u00a0<strong>140 \u20ac\u00a0<\/strong><\/span><\/li>\n<li><span>SESI\u00d3N 6 jugadores -&gt;\u00a0<strong>162 \u20ac\u00a0<\/strong><\/span><\/li>\n<\/ul>\n<\/div>\n<\/div>\n<\/div>\n<\/div>\n<\/div>\n<p>[\/et_pb_text][\/et_pb_column][\/et_pb_row][\/et_pb_section][et_pb_section fb_built=\u00bb1&#8243; _builder_version=\u00bb4.27.4&#8243; _module_preset=\u00bbdefault\u00bb custom_padding=\u00bb3px|||||\u00bb global_colors_info=\u00bb{}\u00bb][et_pb_row _builder_version=\u00bb4.27.4&#8243; _module_preset=\u00bbdefault\u00bb global_colors_info=\u00bb{}\u00bb][et_pb_column type=\u00bb4_4&#8243; _builder_version=\u00bb4.27.4&#8243; _module_preset=\u00bbdefault\u00bb global_colors_info=\u00bb{}\u00bb][et_pb_code _builder_version=\u00bb4.27.4&#8243; _module_preset=\u00bbdefault\u00bb global_colors_info=\u00bb{}\u00bb]<\/p>\n<style><!-- [et_pb_line_break_holder] -->    .iframe-container {<!-- [et_pb_line_break_holder] -->        width: 100%;<!-- [et_pb_line_break_holder] -->        height: 100vh;<!-- [et_pb_line_break_holder] -->    }<!-- [et_pb_line_break_holder] --><\/style>\n<p><!-- [et_pb_line_break_holder] --><!-- [et_pb_line_break_holder] --><\/p>\n<div class=\"iframe-container\"><!-- [et_pb_line_break_holder] -->    <iframe style=\"<!-- [et_pb_line_break_holder] -->    height: 100%;<!-- [et_pb_line_break_holder] -->                   width:100%;<!-- [et_pb_line_break_holder] -->\u00bb src=\u00bbhttps:\/\/canbruna.cat\/reservas\/es\/reserva.html\u00bb frameborder=\u00bb0&#8243; scrolling=\u00bbsi\u00bb><\/iframe><!-- [et_pb_line_break_holder] --><\/div>\n<p><!-- [et_pb_line_break_holder] --> [\/et_pb_code][\/et_pb_column][\/et_pb_row][\/et_pb_section]<\/p>\n","protected":false},"excerpt":{"rendered":"<p>Pide cita para reparar a la yaya\u2026 \u00a1DESDE DENTRO! Como&#8230;<\/p>\n","protected":false},"author":5,"featured_media":0,"parent":0,"menu_order":0,"comment_status":"closed","ping_status":"closed","template":"","meta":{"_et_pb_use_builder":"on","_et_pb_old_content":"<!-- wp:paragraph {\"fontSize\":\"extra-large\"} -->\n<p class=\"has-extra-large-font-size\">AGAFA CITA PER A REPARAR LA IAIA... DES DE DINS!<\/p>\n<!-- \/wp:paragraph -->\n\n<!-- wp:paragraph -->\n<p>Despr\u00e9s de for\u00e7a temps mimant la idea central del projecte, treballant en el disseny del joc i invertint un munt d'energies en la fase de muntatge, ja hem arribat a la recta final! Ben aviat, a partir del <strong>15 de febrer del 2023<\/strong>, podrem obrir portes de nou i rebre-us amb la il\u00b7lusi\u00f3 de sempre. <\/p>\n<!-- \/wp:paragraph -->\n\n<!-- wp:paragraph -->\n<p>Per\u00f2 per anar fent boca, com que ens consta que hi ha ganes d'agafar cita per intentar curar la nostra iaia, ja hem habilitat el calendari de reserves. No us ho penseu dues vegades, que la ratafia no fa miracles i la N\u00faria necessita un cop de m\u00e0 urgent! <\/p>\n<!-- \/wp:paragraph -->\n\n<!-- wp:paragraph {\"fontSize\":\"extra-large\"} -->\n<p class=\"has-extra-large-font-size\">ATURADA CARD\u00cdACA<\/p>\n<!-- \/wp:paragraph -->\n\n<!-- wp:paragraph -->\n<p><strong>Voleu aturar el temps durant 3 minuts per a comunicar alguna not\u00edcia rellevant o b\u00e9 entregar un regal vostre a un company d'equip?<\/strong> Doncs seleccioneu l'opci\u00f3 d'Aturada Card\u00edaca i podreu fer-ho! El cor de la iaia s'aturar\u00e0 sense risc de col\u00b7lapse i la il\u00b7luminaci\u00f3 canviar\u00e0 per generar un moment m\u00e0gic. <\/p>\n<!-- \/wp:paragraph -->\n\n<!-- wp:paragraph -->\n<p>El regal \u00e9s cosa vostra, aix\u00f2 s\u00ed. Podeu entrar-lo en una bossa, butxaca o motxilla, i ja us donarem instruccions de com provocar aquesta Aturada Card\u00edaca via e-mail, si la sol\u00b7liciteu durant la reserva. <\/p>\n<!-- \/wp:paragraph -->\n\n<!-- wp:paragraph -->\n<p>Tan senzill com marcar S\u00cd o NO al desplegable que trobareu sota les dades personals que cal incloure un cop seleccionada data i hora al calendari.<\/p>\n<!-- \/wp:paragraph -->\n\n<!-- wp:paragraph {\"fontSize\":\"extra-large\"} -->\n<p class=\"has-extra-large-font-size\">COST<\/p>\n<!-- \/wp:paragraph -->\n\n<!-- wp:paragraph -->\n<p>Els pagaments de Sessions de Joc i de Vals Regals es fan \u00fanicament en l\u00ednia, via targeta banc\u00e0ria.<\/p>\n<!-- \/wp:paragraph -->\n\n<!-- wp:paragraph -->\n<p>SESSI\u00d3 2 jugadors -> <strong>80 \u20ac<\/strong><\/p>\n<!-- \/wp:paragraph -->\n\n<!-- wp:paragraph -->\n<p>SESSI\u00d3 3 jugadors -> <strong>90 \u20ac<\/strong><\/p>\n<!-- \/wp:paragraph -->\n\n<!-- wp:paragraph -->\n<p>SESSI\u00d3 4 jugadors -><strong>116 \u20ac<\/strong><\/p>\n<!-- \/wp:paragraph -->\n\n<!-- wp:paragraph -->\n<p>SESSI\u00d3 5 jugadors -> <strong>140 \u20ac<\/strong><\/p>\n<!-- \/wp:paragraph -->\n\n<!-- wp:paragraph -->\n<p>SESSI\u00d3 6 jugadors -> <strong>162 \u20ac\u00a0<\/strong><\/p>\n<!-- \/wp:paragraph -->\n\n<!-- wp:columns {\"verticalAlignment\":\"center\"} -->\n<div class=\"wp-block-columns are-vertically-aligned-center\"><!-- wp:column {\"verticalAlignment\":\"center\",\"width\":\"100%\"} -->\n<div class=\"wp-block-column is-vertically-aligned-center\" style=\"flex-basis:100%\"><!-- wp:woocommerce\/handpicked-products {\"align\":\"wide\",\"contentVisibility\":{\"image\":false,\"title\":false,\"price\":false,\"rating\":false,\"button\":false},\"products\":[40]} \/--><\/div>\n<!-- \/wp:column --><\/div>\n<!-- \/wp:columns -->\n\n<!-- wp:paragraph -->\n<p><\/p>\n<!-- \/wp:paragraph -->","_et_gb_content_width":"","footnotes":""},"class_list":["post-1855","page","type-page","status-publish","hentry","entry"],"yoast_head":"<!-- This site is optimized with the Yoast SEO plugin v26.5 - https:\/\/yoast.com\/wordpress\/plugins\/seo\/ -->\n<title>Reserva tu escape room familiar en Barcelona | Can Bruna<\/title>\n<meta name=\"description\" content=\"Reserva tu escape room familiar en Barcelona. Vive Odisea Celular en Vilafranca del Pened\u00e8s, una aventura \u00fanica en el Alt Pened\u00e8s.\" \/>\n<meta name=\"robots\" content=\"index, follow, max-snippet:-1, max-image-preview:large, max-video-preview:-1\" \/>\n<link rel=\"canonical\" href=\"https:\/\/canbruna.cat\/es\/reservas\/\" \/>\n<meta property=\"og:locale\" content=\"es_ES\" \/>\n<meta property=\"og:type\" content=\"article\" \/>\n<meta property=\"og:title\" content=\"Reserva tu escape room familiar en Barcelona | Can Bruna\" \/>\n<meta property=\"og:description\" content=\"Reserva tu escape room familiar en Barcelona. Vive Odisea Celular en Vilafranca del Pened\u00e8s, una aventura \u00fanica en el Alt Pened\u00e8s.\" \/>\n<meta property=\"og:url\" content=\"https:\/\/canbruna.cat\/es\/reservas\/\" \/>\n<meta property=\"og:site_name\" content=\"Can Bruna\" \/>\n<meta property=\"article:modified_time\" content=\"2025-12-14T18:54:51+00:00\" \/>\n<meta name=\"twitter:card\" content=\"summary_large_image\" \/>\n<meta name=\"twitter:label1\" content=\"Tiempo de lectura\" \/>\n\t<meta name=\"twitter:data1\" content=\"3 minutos\" \/>\n<script type=\"application\/ld+json\" class=\"yoast-schema-graph\">{\"@context\":\"https:\/\/schema.org\",\"@graph\":[{\"@type\":\"WebPage\",\"@id\":\"https:\/\/canbruna.cat\/es\/reservas\/\",\"url\":\"https:\/\/canbruna.cat\/es\/reservas\/\",\"name\":\"Reserva tu escape room familiar en Barcelona | Can Bruna\",\"isPartOf\":{\"@id\":\"https:\/\/canbruna.cat\/#website\"},\"datePublished\":\"2021-12-15T07:35:47+00:00\",\"dateModified\":\"2025-12-14T18:54:51+00:00\",\"description\":\"Reserva tu escape room familiar en Barcelona. Vive Odisea Celular en Vilafranca del Pened\u00e8s, una aventura \u00fanica en el Alt Pened\u00e8s.\",\"breadcrumb\":{\"@id\":\"https:\/\/canbruna.cat\/es\/reservas\/#breadcrumb\"},\"inLanguage\":\"es\",\"potentialAction\":[{\"@type\":\"ReadAction\",\"target\":[\"https:\/\/canbruna.cat\/es\/reservas\/\"]}]},{\"@type\":\"BreadcrumbList\",\"@id\":\"https:\/\/canbruna.cat\/es\/reservas\/#breadcrumb\",\"itemListElement\":[{\"@type\":\"ListItem\",\"position\":1,\"name\":\"Inici\",\"item\":\"https:\/\/canbruna.cat\/es\/\"},{\"@type\":\"ListItem\",\"position\":2,\"name\":\"Reservas\"}]},{\"@type\":\"WebSite\",\"@id\":\"https:\/\/canbruna.cat\/#website\",\"url\":\"https:\/\/canbruna.cat\/\",\"name\":\"Can Bruna\",\"description\":\"La iaia ataca de nou...\",\"publisher\":{\"@id\":\"https:\/\/canbruna.cat\/#organization\"},\"potentialAction\":[{\"@type\":\"SearchAction\",\"target\":{\"@type\":\"EntryPoint\",\"urlTemplate\":\"https:\/\/canbruna.cat\/?s={search_term_string}\"},\"query-input\":{\"@type\":\"PropertyValueSpecification\",\"valueRequired\":true,\"valueName\":\"search_term_string\"}}],\"inLanguage\":\"es\"},{\"@type\":\"Organization\",\"@id\":\"https:\/\/canbruna.cat\/#organization\",\"name\":\"Can Bruna\",\"url\":\"https:\/\/canbruna.cat\/\",\"logo\":{\"@type\":\"ImageObject\",\"inLanguage\":\"es\",\"@id\":\"https:\/\/canbruna.cat\/#\/schema\/logo\/image\/\",\"url\":\"https:\/\/canbruna.cat\/wp-content\/uploads\/2021\/12\/logo-blanc.png\",\"contentUrl\":\"https:\/\/canbruna.cat\/wp-content\/uploads\/2021\/12\/logo-blanc.png\",\"width\":2560,\"height\":1600,\"caption\":\"Can Bruna\"},\"image\":{\"@id\":\"https:\/\/canbruna.cat\/#\/schema\/logo\/image\/\"}}]}<\/script>\n<!-- \/ Yoast SEO plugin. -->","yoast_head_json":{"title":"Reserva tu escape room familiar en Barcelona | Can Bruna","description":"Reserva tu escape room familiar en Barcelona. Vive Odisea Celular en Vilafranca del Pened\u00e8s, una aventura \u00fanica en el Alt Pened\u00e8s.","robots":{"index":"index","follow":"follow","max-snippet":"max-snippet:-1","max-image-preview":"max-image-preview:large","max-video-preview":"max-video-preview:-1"},"canonical":"https:\/\/canbruna.cat\/es\/reservas\/","og_locale":"es_ES","og_type":"article","og_title":"Reserva tu escape room familiar en Barcelona | Can Bruna","og_description":"Reserva tu escape room familiar en Barcelona. Vive Odisea Celular en Vilafranca del Pened\u00e8s, una aventura \u00fanica en el Alt Pened\u00e8s.","og_url":"https:\/\/canbruna.cat\/es\/reservas\/","og_site_name":"Can Bruna","article_modified_time":"2025-12-14T18:54:51+00:00","twitter_card":"summary_large_image","twitter_misc":{"Tiempo de lectura":"3 minutos"},"schema":{"@context":"https:\/\/schema.org","@graph":[{"@type":"WebPage","@id":"https:\/\/canbruna.cat\/es\/reservas\/","url":"https:\/\/canbruna.cat\/es\/reservas\/","name":"Reserva tu escape room familiar en Barcelona | Can Bruna","isPartOf":{"@id":"https:\/\/canbruna.cat\/#website"},"datePublished":"2021-12-15T07:35:47+00:00","dateModified":"2025-12-14T18:54:51+00:00","description":"Reserva tu escape room familiar en Barcelona. Vive Odisea Celular en Vilafranca del Pened\u00e8s, una aventura \u00fanica en el Alt Pened\u00e8s.","breadcrumb":{"@id":"https:\/\/canbruna.cat\/es\/reservas\/#breadcrumb"},"inLanguage":"es","potentialAction":[{"@type":"ReadAction","target":["https:\/\/canbruna.cat\/es\/reservas\/"]}]},{"@type":"BreadcrumbList","@id":"https:\/\/canbruna.cat\/es\/reservas\/#breadcrumb","itemListElement":[{"@type":"ListItem","position":1,"name":"Inici","item":"https:\/\/canbruna.cat\/es\/"},{"@type":"ListItem","position":2,"name":"Reservas"}]},{"@type":"WebSite","@id":"https:\/\/canbruna.cat\/#website","url":"https:\/\/canbruna.cat\/","name":"Can Bruna","description":"La iaia ataca de nou...","publisher":{"@id":"https:\/\/canbruna.cat\/#organization"},"potentialAction":[{"@type":"SearchAction","target":{"@type":"EntryPoint","urlTemplate":"https:\/\/canbruna.cat\/?s={search_term_string}"},"query-input":{"@type":"PropertyValueSpecification","valueRequired":true,"valueName":"search_term_string"}}],"inLanguage":"es"},{"@type":"Organization","@id":"https:\/\/canbruna.cat\/#organization","name":"Can Bruna","url":"https:\/\/canbruna.cat\/","logo":{"@type":"ImageObject","inLanguage":"es","@id":"https:\/\/canbruna.cat\/#\/schema\/logo\/image\/","url":"https:\/\/canbruna.cat\/wp-content\/uploads\/2021\/12\/logo-blanc.png","contentUrl":"https:\/\/canbruna.cat\/wp-content\/uploads\/2021\/12\/logo-blanc.png","width":2560,"height":1600,"caption":"Can Bruna"},"image":{"@id":"https:\/\/canbruna.cat\/#\/schema\/logo\/image\/"}}]}},"_links":{"self":[{"href":"https:\/\/canbruna.cat\/es\/wp-json\/wp\/v2\/pages\/1855","targetHints":{"allow":["GET"]}}],"collection":[{"href":"https:\/\/canbruna.cat\/es\/wp-json\/wp\/v2\/pages"}],"about":[{"href":"https:\/\/canbruna.cat\/es\/wp-json\/wp\/v2\/types\/page"}],"author":[{"embeddable":true,"href":"https:\/\/canbruna.cat\/es\/wp-json\/wp\/v2\/users\/5"}],"replies":[{"embeddable":true,"href":"https:\/\/canbruna.cat\/es\/wp-json\/wp\/v2\/comments?post=1855"}],"version-history":[{"count":1,"href":"https:\/\/canbruna.cat\/es\/wp-json\/wp\/v2\/pages\/1855\/revisions"}],"predecessor-version":[{"id":2640,"href":"https:\/\/canbruna.cat\/es\/wp-json\/wp\/v2\/pages\/1855\/revisions\/2640"}],"wp:attachment":[{"href":"https:\/\/canbruna.cat\/es\/wp-json\/wp\/v2\/media?parent=1855"}],"curies":[{"name":"wp","href":"https:\/\/api.w.org\/{rel}","templated":true}]}}